{"id":317,"date":"2019-10-30T18:09:59","date_gmt":"2019-10-30T17:09:59","guid":{"rendered":"http:\/\/afaps.fr\/?page_id=317"},"modified":"2025-11-10T14:18:05","modified_gmt":"2025-11-10T13:18:05","slug":"cours-de-vietnamien","status":"publish","type":"page","link":"https:\/\/afaps.fr\/?page_id=317","title":{"rendered":"Cours de vietnamien"},"content":{"rendered":"\n<p>Dans l\u2019objectif de promouvoir des activit\u00e9s culturelles, l\u2019AFAPS organise des <strong>cours de vietnamien pour enfants, adolescents et adultes. <\/strong><\/p>\n\n\n\n<p>Les cours de vietnamien sont organis\u00e9s en plusieurs niveaux:<\/p>\n\n\n\n<ul class=\"wp-block-list\">\n<li>cours pour enfants en plusieurs niveaux<\/li>\n\n\n\n<li>cours niveau d\u00e9butant pour adultes et adolescents<\/li>\n\n\n\n<li>cours niveau avanc\u00e9 pour adultes et adolescents<\/li>\n<\/ul>\n\n\n\n<p><img decoding=\"async\" class=\"size-full wp-image-401\" src=\"http:\/\/afaps.fr\/afaps\/images\/cours_vietnamien\/cours_vietnamien_vert.png\" alt=\"\"><\/p>\n\n\n\n<p>Les cours pour les enfants, plusieurs niveaux, ont lieu <strong> tous les samedis matin \u00e0 10h00 <\/strong>, hors vacances scolaires.<\/p>\n\n\n\n<p>Concernant les cours niveau avanc\u00e9 et avec l\u2019accord des participants , nous avons d\u00e9cid\u00e9 de les maintenir sous forme de vid\u00e9o on-line avec Google Meet . Ainsi, quelque soit l\u2019endroit o\u00f9 vous vous trouvez , il vous suffit d\u2019une connexion internet et d\u2019une adresse Gmail pour assister au cours .&nbsp;<br><br>Nous organiserons occasionnellement des cours en pr\u00e9sentiel pour nous rencontrer. <br>La rentr\u00e9e de cette ann\u00e9e a \u00e9t\u00e9 fix\u00e9e pour&nbsp;le 16\/09\/2023.<br>Vous recevrez ult\u00e9rieurement les informations techniques pour vous vous connecter aux cours.<br>Toutes inscriptions sont \u00e0 envoyer \u00e0 :&nbsp;<a rel=\"noreferrer noopener\" href=\"mailto:afaps92@gmail.com\" target=\"_blank\">afaps92@gmail.com<\/a><\/p>\n\n\n\n<h3 class=\"wp-block-heading\"><strong>Rentr\u00e9e scolaire 2023-202<\/strong>4<\/h3>\n\n\n\n<p> T\u00e9l\u00e9chargez ci-dessous:<\/p>\n\n\n\n<ul class=\"wp-block-list\">\n<li>la fiche de <a href=\"http:\/\/afaps.fr\/afaps-download\/2025\/Cours_de_vietnamien_2025-2026.pdf\"><strong>Cours_de_vietnamien_2025-2026<\/strong><\/a><strong><br><\/strong><\/li>\n\n\n\n<li>le <strong><a href=\"http:\/\/afaps.fr\/afaps-download\/2025\/Adhe-Dons_2025-2026.pdf\">bulletin d&rsquo;adh\u00e9sion 2025-2026<\/a><br><\/strong><\/li>\n<\/ul>\n\n\n\n<p><\/p>\n","protected":false},"excerpt":{"rendered":"<p>Dans l\u2019objectif de promouvoir des activit\u00e9s culturelles, l\u2019AFAPS organise des cours de vietnamien pour enfants, adolescents et adultes. Les cours de vietnamien sont organis\u00e9s en plusieurs niveaux: Les cours pour les enfants, plusieurs niveaux, ont lieu tous les samedis matin \u00e0 10h00 , hors vacances scolaires. Concernant les cours niveau avanc\u00e9 et avec l\u2019accord des [&hellip;]<\/p>\n","protected":false},"author":2,"featured_media":0,"parent":0,"menu_order":0,"comment_status":"closed","ping_status":"closed","template":"","meta":{"footnotes":""},"class_list":["post-317","page","type-page","status-publish","hentry"],"_links":{"self":[{"href":"https:\/\/afaps.fr\/index.php?rest_route=\/wp\/v2\/pages\/317","targetHints":{"allow":["GET"]}}],"collection":[{"href":"https:\/\/afaps.fr\/index.php?rest_route=\/wp\/v2\/pages"}],"about":[{"href":"https:\/\/afaps.fr\/index.php?rest_route=\/wp\/v2\/types\/page"}],"author":[{"embeddable":true,"href":"https:\/\/afaps.fr\/index.php?rest_route=\/wp\/v2\/users\/2"}],"replies":[{"embeddable":true,"href":"https:\/\/afaps.fr\/index.php?rest_route=%2Fwp%2Fv2%2Fcomments&post=317"}],"version-history":[{"count":46,"href":"https:\/\/afaps.fr\/index.php?rest_route=\/wp\/v2\/pages\/317\/revisions"}],"predecessor-version":[{"id":1051,"href":"https:\/\/afaps.fr\/index.php?rest_route=\/wp\/v2\/pages\/317\/revisions\/1051"}],"wp:attachment":[{"href":"https:\/\/afaps.fr\/index.php?rest_route=%2Fwp%2Fv2%2Fmedia&parent=317"}],"curies":[{"name":"wp","href":"https:\/\/api.w.org\/{rel}","templated":true}]}}