{"id":54,"date":"2017-01-13T23:45:33","date_gmt":"2017-01-13T22:45:33","guid":{"rendered":"http:\/\/afaps.fr\/?page_id=54"},"modified":"2025-11-08T23:39:18","modified_gmt":"2025-11-08T22:39:18","slug":"telecharger","status":"publish","type":"page","link":"https:\/\/afaps.fr\/?page_id=54","title":{"rendered":"T\u00e9l\u00e9charger"},"content":{"rendered":"\n<h3 class=\"wp-block-heading has-white-color has-text-color has-background\" style=\"background-color:#4f81bd\"><strong>Documents disponible pour le t\u00e9l\u00e9chargement<\/strong><\/h3>\n\n\n\n<ul class=\"wp-block-list\">\n<li><strong>Formulaire d&rsquo;adh\u00e9sion ou de dons 2025-2026 (<a href=\"https:\/\/afaps.fr\/afaps-download\/2025\/Adhe-Dons_2025-2026.pdf\">PDF<\/a>)<\/strong><\/li>\n<\/ul>\n\n\n\n<ul class=\"wp-block-list\">\n<li><strong>Formulaire d&rsquo;adh\u00e9sion ou de dons 2024-2025 (<a href=\"https:\/\/afaps.fr\/afaps-download\/2024\/Adhe-Dons_2024-2025.pdf\">PDF<\/a>)<\/strong><\/li>\n<\/ul>\n\n\n\n<ul class=\"wp-block-list\">\n<li><strong>Formulaire d&rsquo;adh\u00e9sion ou de dons 2023 (<a href=\"https:\/\/afaps.fr\/afaps-download\/2023\/Adhe-Dons_2023.pdf\">PDF<\/a>)<\/strong><\/li>\n<\/ul>\n\n\n\n<ul class=\"wp-block-list\">\n<li><strong><a href=\"http:\/\/afaps.fr\/afaps-download\/2023\/Cours_de_vietnamien_2023-2024.pdf\" data-type=\"URL\" data-id=\"http:\/\/afaps.fr\/afaps-download\/2023\/Cours_de_vietnamien_2023-2024.pdf\">Cours de Vietnamien 2023-2024<\/a><\/strong><\/li>\n<\/ul>\n\n\n\n<ul class=\"wp-block-list\">\n<li><strong>Formulaire d&rsquo;adh\u00e9sion ou de dons 2022 (<a href=\"https:\/\/afaps.fr\/afaps-download\/2022\/Adhe-Dons_2022.pdf\">PDF<\/a> &#8211; <a href=\"https:\/\/afaps.fr\/afaps-download\/2022\/Adhe-Dons_2022.docx\">DOCX<\/a>)<\/strong><\/li>\n<\/ul>\n\n\n\n<ul class=\"wp-block-list\">\n<li><strong>Formulaire d&rsquo;adh\u00e9sion ou de dons 2021 (<a href=\"https:\/\/afaps.fr\/afaps-download\/2021\/Adhe-Dons_2021.pdf\">PDF<\/a> &#8211; <a href=\"https:\/\/afaps.fr\/afaps-download\/2021\/Adhe-Dons_2021.docx\">DOCX<\/a>)<\/strong><\/li>\n<\/ul>\n\n\n\n<ul class=\"wp-block-list\">\n<li><strong><a href=\"http:\/\/afaps.fr\/afaps-download\/2020\/AFAPS_Activites_2020_V2.pdf\">Activit\u00e9s AFAPS 2020<\/a><\/strong><\/li>\n<\/ul>\n\n\n\n<ul class=\"wp-block-list\">\n<li><strong><a href=\"http:\/\/afaps.fr\/afaps-download\/2020\/Cours_de_vietnamien_en_visio_2020-2021.pdf\">Cours de Vietnamien en Visioconf\u00e9rence 2020-2021<\/a><\/strong><\/li>\n<\/ul>\n\n\n\n<ul class=\"wp-block-list\">\n<li><strong><a href=\"http:\/\/afaps.fr\/afaps-download\/2020\/AFAPS_REPAS_DU_PRINTEMPS_2020.jpg\">Affiche f\u00eate du Printemps 2020<\/a><\/strong><\/li>\n<\/ul>\n\n\n\n<ul class=\"wp-block-list\">\n<li><strong><a href=\"http:\/\/afaps.fr\/afaps-download\/2016\/Affiche T\u00eat AFAPS 22 Janv 2017.jpg\">Affiche du T\u1ebft 2017<\/a><\/strong><\/li>\n<\/ul>\n\n\n\n<ul class=\"wp-block-list\">\n<li><strong><a href=\"http:\/\/afaps.fr\/afaps-download\/2017\/Cours_de_vietnamien_2017.pdf\">Information sur les cours de vietnamien<\/a><\/strong><\/li>\n<\/ul>\n\n\n\n<ul class=\"wp-block-list\">\n<li><strong><a href=\"http:\/\/afaps.fr\/afaps-download\/2016\/PRESENTATION%20DE%20LA%20CONFERENCE%20anim%C3%A9e%20par%20Loan%20VO%20DUY.pdf\">Conf\u00e9rence anim\u00e9e par LOAN VO DUY le Dimanche 11 d\u00e9cembre 2016 \u00e0 16h30<\/a><\/strong><\/li>\n<\/ul>\n\n\n\n<ul class=\"wp-block-list\">\n<li><strong><a href=\"http:\/\/afaps.fr\/afaps-download\/2016\/AFFICHE%2011-12-2016%20V0.pdf\">Affiche de la conf\u00e9rence anim\u00e9e par LOAN VO DUY le Dimanche 11 d\u00e9cembre 2016 \u00e0 16h30<\/a><\/strong><\/li>\n<\/ul>\n\n\n\n<p><\/p>\n","protected":false},"excerpt":{"rendered":"<p>Documents disponible pour le t\u00e9l\u00e9chargement<\/p>\n","protected":false},"author":2,"featured_media":0,"parent":0,"menu_order":0,"comment_status":"closed","ping_status":"closed","template":"","meta":{"footnotes":""},"class_list":["post-54","page","type-page","status-publish","hentry"],"_links":{"self":[{"href":"https:\/\/afaps.fr\/index.php?rest_route=\/wp\/v2\/pages\/54","targetHints":{"allow":["GET"]}}],"collection":[{"href":"https:\/\/afaps.fr\/index.php?rest_route=\/wp\/v2\/pages"}],"about":[{"href":"https:\/\/afaps.fr\/index.php?rest_route=\/wp\/v2\/types\/page"}],"author":[{"embeddable":true,"href":"https:\/\/afaps.fr\/index.php?rest_route=\/wp\/v2\/users\/2"}],"replies":[{"embeddable":true,"href":"https:\/\/afaps.fr\/index.php?rest_route=%2Fwp%2Fv2%2Fcomments&post=54"}],"version-history":[{"count":60,"href":"https:\/\/afaps.fr\/index.php?rest_route=\/wp\/v2\/pages\/54\/revisions"}],"predecessor-version":[{"id":1041,"href":"https:\/\/afaps.fr\/index.php?rest_route=\/wp\/v2\/pages\/54\/revisions\/1041"}],"wp:attachment":[{"href":"https:\/\/afaps.fr\/index.php?rest_route=%2Fwp%2Fv2%2Fmedia&parent=54"}],"curies":[{"name":"wp","href":"https:\/\/api.w.org\/{rel}","templated":true}]}}